{"id":270,"date":"2025-11-14T14:14:35","date_gmt":"2025-11-14T13:14:35","guid":{"rendered":"http:\/\/83.142.142.138\/?page_id=270"},"modified":"2026-03-31T11:10:46","modified_gmt":"2026-03-31T09:10:46","slug":"kontakt","status":"publish","type":"page","link":"https:\/\/www.osiedlowa.pl\/index.php\/kontakt\/","title":{"rendered":"kontakt"},"content":{"rendered":"\t\t<div data-elementor-type=\"wp-page\" data-elementor-id=\"270\" class=\"elementor elementor-270\">\n\t\t\t\t<div class=\"elementor-element elementor-element-c8e9bd1 e-grid e-con-boxed wpr-particle-no wpr-jarallax-no wpr-parallax-no wpr-sticky-section-no e-con e-parent\" data-id=\"c8e9bd1\" data-element_type=\"container\">\n\t\t\t\t\t<div class=\"e-con-inner\">\n\t\t<div class=\"elementor-element elementor-element-5ae4bc8 e-con-full e-flex wpr-particle-no wpr-jarallax-no wpr-parallax-no wpr-sticky-section-no e-con e-child\" data-id=\"5ae4bc8\" data-element_type=\"container\">\n\t\t<div class=\"elementor-element elementor-element-c78c03d e-con-full e-flex wpr-particle-no wpr-jarallax-no wpr-parallax-no wpr-sticky-section-no e-con e-child\" data-id=\"c78c03d\" data-element_type=\"container\">\n\t\t\t\t<div class=\"elementor-element elementor-element-609742a elementor-widget__width-auto elementor-view-default elementor-widget elementor-widget-icon\" data-id=\"609742a\" data-element_type=\"widget\" data-widget_type=\"icon.default\">\n\t\t\t\t\t\t\t<div class=\"elementor-icon-wrapper\">\n\t\t\t<div class=\"elementor-icon\">\n\t\t\t<svg aria-hidden=\"true\" class=\"e-font-icon-svg e-fas-map-marker-alt\" viewBox=\"0 0 384 512\" xmlns=\"http:\/\/www.w3.org\/2000\/svg\"><path d=\"M172.268 501.67C26.97 291.031 0 269.413 0 192 0 85.961 85.961 0 192 0s192 85.961 192 192c0 77.413-26.97 99.031-172.268 309.67-9.535 13.774-29.93 13.773-39.464 0zM192 272c44.183 0 80-35.817 80-80s-35.817-80-80-80-80 35.817-80 80 35.817 80 80 80z\"><\/path><\/svg>\t\t\t<\/div>\n\t\t<\/div>\n\t\t\t\t\t\t<\/div>\n\t\t\t\t<div class=\"elementor-element elementor-element-275cc8b elementor-widget__width-initial elementor-widget-mobile__width-initial elementor-widget-tablet__width-auto elementor-widget elementor-widget-text-editor\" data-id=\"275cc8b\" data-element_type=\"widget\" data-widget_type=\"text-editor.default\">\n\t\t\t\t\t\t\t\t\t<p><strong>adres:<\/strong> <br \/>ul. Po\u015bwi\u0119cka 1A \/ 2<br \/>51-128 Wroc\u0142aw<\/p><p><strong>godziny pracy biura:<\/strong><br \/>pn &#8211; pt 7:00 &#8211; 15:00 <br \/>sb &#8211; nd nieczynne<\/p>\t\t\t\t\t\t\t\t<\/div>\n\t\t\t\t<\/div>\n\t\t\t\t<div class=\"elementor-element elementor-element-eae732c elementor-widget__width-initial elementor-widget-tablet__width-auto elementor-widget elementor-widget-google_maps\" data-id=\"eae732c\" data-element_type=\"widget\" data-widget_type=\"google_maps.default\">\n\t\t\t\t\t\t\t<div class=\"elementor-custom-embed\">\n\t\t\t<iframe loading=\"lazy\"\n\t\t\t\t\tsrc=\"https:\/\/maps.google.com\/maps?q=po%C5%9Bwi%C4%99cka%201a&#038;t=m&#038;z=15&#038;output=embed&#038;iwloc=near\"\n\t\t\t\t\ttitle=\"po\u015bwi\u0119cka 1a\"\n\t\t\t\t\taria-label=\"po\u015bwi\u0119cka 1a\"\n\t\t\t><\/iframe>\n\t\t<\/div>\n\t\t\t\t\t\t<\/div>\n\t\t\t\t<\/div>\n\t\t<div class=\"elementor-element elementor-element-fad8ae6 e-con-full e-flex wpr-particle-no wpr-jarallax-no wpr-parallax-no wpr-sticky-section-no e-con e-child\" data-id=\"fad8ae6\" data-element_type=\"container\">\n\t\t<div class=\"elementor-element elementor-element-ef80879 e-con-full e-flex wpr-particle-no wpr-jarallax-no wpr-parallax-no wpr-sticky-section-no e-con e-child\" data-id=\"ef80879\" data-element_type=\"container\">\n\t\t\t\t<div class=\"elementor-element elementor-element-9fa01ac elementor-view-stacked elementor-widget__width-auto elementor-shape-circle elementor-widget elementor-widget-icon\" data-id=\"9fa01ac\" data-element_type=\"widget\" data-widget_type=\"icon.default\">\n\t\t\t\t\t\t\t<div class=\"elementor-icon-wrapper\">\n\t\t\t<div class=\"elementor-icon\">\n\t\t\t<svg aria-hidden=\"true\" class=\"e-font-icon-svg e-fas-phone-alt\" viewBox=\"0 0 512 512\" xmlns=\"http:\/\/www.w3.org\/2000\/svg\"><path d=\"M497.39 361.8l-112-48a24 24 0 0 0-28 6.9l-49.6 60.6A370.66 370.66 0 0 1 130.6 204.11l60.6-49.6a23.94 23.94 0 0 0 6.9-28l-48-112A24.16 24.16 0 0 0 122.6.61l-104 24A24 24 0 0 0 0 48c0 256.5 207.9 464 464 464a24 24 0 0 0 23.4-18.6l24-104a24.29 24.29 0 0 0-14.01-27.6z\"><\/path><\/svg>\t\t\t<\/div>\n\t\t<\/div>\n\t\t\t\t\t\t<\/div>\n\t\t\t\t<div class=\"elementor-element elementor-element-2ab38e0 elementor-widget__width-initial elementor-widget-tablet__width-auto elementor-widget elementor-widget-text-editor\" data-id=\"2ab38e0\" data-element_type=\"widget\" data-widget_type=\"text-editor.default\">\n\t\t\t\t\t\t\t\t\t<p><strong>telefony:<br \/><\/strong><a href=\"tel:713397058\">tel. (71) 339 70 58<\/a><strong><br \/><\/strong><\/p><p><strong>us\u0142uga nie dzia\u0142a lub dzia\u0142a nieprawid\u0142owo:<\/strong><br \/>wew. 1 &#8211; serwis<\/p><p><strong>monta\u017c, umowy, faktury, sprawy biurowe:<br \/><\/strong>wew. 2 &#8211; biuro<strong><br \/><\/strong><\/p>\t\t\t\t\t\t\t\t<\/div>\n\t\t\t\t<\/div>\n\t\t<div class=\"elementor-element elementor-element-756301f e-con-full e-flex wpr-particle-no wpr-jarallax-no wpr-parallax-no wpr-sticky-section-no e-con e-child\" data-id=\"756301f\" data-element_type=\"container\">\n\t\t\t\t<div class=\"elementor-element elementor-element-6527840 elementor-widget__width-auto elementor-view-default elementor-widget elementor-widget-icon\" data-id=\"6527840\" data-element_type=\"widget\" data-widget_type=\"icon.default\">\n\t\t\t\t\t\t\t<div class=\"elementor-icon-wrapper\">\n\t\t\t<div class=\"elementor-icon\">\n\t\t\t<svg aria-hidden=\"true\" class=\"e-font-icon-svg e-fas-info-circle\" viewBox=\"0 0 512 512\" xmlns=\"http:\/\/www.w3.org\/2000\/svg\"><path d=\"M256 8C119.043 8 8 119.083 8 256c0 136.997 111.043 248 248 248s248-111.003 248-248C504 119.083 392.957 8 256 8zm0 110c23.196 0 42 18.804 42 42s-18.804 42-42 42-42-18.804-42-42 18.804-42 42-42zm56 254c0 6.627-5.373 12-12 12h-88c-6.627 0-12-5.373-12-12v-24c0-6.627 5.373-12 12-12h12v-64h-12c-6.627 0-12-5.373-12-12v-24c0-6.627 5.373-12 12-12h64c6.627 0 12 5.373 12 12v100h12c6.627 0 12 5.373 12 12v24z\"><\/path><\/svg>\t\t\t<\/div>\n\t\t<\/div>\n\t\t\t\t\t\t<\/div>\n\t\t\t\t<div class=\"elementor-element elementor-element-59ea811 elementor-widget-tablet__width-auto elementor-widget__width-initial elementor-widget elementor-widget-text-editor\" data-id=\"59ea811\" data-element_type=\"widget\" data-widget_type=\"text-editor.default\">\n\t\t\t\t\t\t\t\t\t<p><strong>infolinia:<br \/><\/strong><a href=\"tel:801507090\">tel. 801 50 70 90<\/a><strong><br \/><\/strong><\/p>\t\t\t\t\t\t\t\t<\/div>\n\t\t\t\t<\/div>\n\t\t<div class=\"elementor-element elementor-element-f0fbc7e e-con-full e-flex wpr-particle-no wpr-jarallax-no wpr-parallax-no wpr-sticky-section-no e-con e-child\" data-id=\"f0fbc7e\" data-element_type=\"container\">\n\t\t\t\t<div class=\"elementor-element elementor-element-6c422a7 elementor-widget__width-auto elementor-view-default elementor-widget elementor-widget-icon\" data-id=\"6c422a7\" data-element_type=\"widget\" data-widget_type=\"icon.default\">\n\t\t\t\t\t\t\t<div class=\"elementor-icon-wrapper\">\n\t\t\t<div class=\"elementor-icon\">\n\t\t\t<svg aria-hidden=\"true\" class=\"e-font-icon-svg e-far-stop-circle\" viewBox=\"0 0 512 512\" xmlns=\"http:\/\/www.w3.org\/2000\/svg\"><path d=\"M504 256C504 119 393 8 256 8S8 119 8 256s111 248 248 248 248-111 248-248zm-448 0c0-110.5 89.5-200 200-200s200 89.5 200 200-89.5 200-200 200S56 366.5 56 256zm296-80v160c0 8.8-7.2 16-16 16H176c-8.8 0-16-7.2-16-16V176c0-8.8 7.2-16 16-16h160c8.8 0 16 7.2 16 16z\"><\/path><\/svg>\t\t\t<\/div>\n\t\t<\/div>\n\t\t\t\t\t\t<\/div>\n\t\t\t\t<div class=\"elementor-element elementor-element-7975973 elementor-widget__width-initial elementor-widget-mobile__width-initial elementor-widget-tablet__width-auto elementor-widget elementor-widget-text-editor\" data-id=\"7975973\" data-element_type=\"widget\" data-widget_type=\"text-editor.default\">\n\t\t\t\t\t\t\t\t\t<p><span style=\"text-decoration: underline;\">w przypadku braku dost\u0119pno\u015bci powy\u017cszych numer\u00f3w serwisowych i biurowych<\/span><\/p><p>numer awaryjny:<br \/><a href=\"tel:+48780287144\">tel. 780 287 144<\/a><\/p>\t\t\t\t\t\t\t\t<\/div>\n\t\t\t\t<\/div>\n\t\t\t\t<\/div>\n\t\t<div class=\"elementor-element elementor-element-756c4db e-con-full e-flex wpr-particle-no wpr-jarallax-no wpr-parallax-no wpr-sticky-section-no e-con e-child\" data-id=\"756c4db\" data-element_type=\"container\">\n\t\t<div class=\"elementor-element elementor-element-e1b8fd1 e-con-full e-flex wpr-particle-no wpr-jarallax-no wpr-parallax-no wpr-sticky-section-no e-con e-child\" data-id=\"e1b8fd1\" data-element_type=\"container\">\n\t\t\t\t<div class=\"elementor-element elementor-element-0db561f elementor-view-default elementor-widget elementor-widget-icon\" data-id=\"0db561f\" data-element_type=\"widget\" data-widget_type=\"icon.default\">\n\t\t\t\t\t\t\t<div class=\"elementor-icon-wrapper\">\n\t\t\t<div class=\"elementor-icon\">\n\t\t\t<svg aria-hidden=\"true\" class=\"e-font-icon-svg e-fas-envelope-open-text\" viewBox=\"0 0 512 512\" xmlns=\"http:\/\/www.w3.org\/2000\/svg\"><path d=\"M176 216h160c8.84 0 16-7.16 16-16v-16c0-8.84-7.16-16-16-16H176c-8.84 0-16 7.16-16 16v16c0 8.84 7.16 16 16 16zm-16 80c0 8.84 7.16 16 16 16h160c8.84 0 16-7.16 16-16v-16c0-8.84-7.16-16-16-16H176c-8.84 0-16 7.16-16 16v16zm96 121.13c-16.42 0-32.84-5.06-46.86-15.19L0 250.86V464c0 26.51 21.49 48 48 48h416c26.51 0 48-21.49 48-48V250.86L302.86 401.94c-14.02 10.12-30.44 15.19-46.86 15.19zm237.61-254.18c-8.85-6.94-17.24-13.47-29.61-22.81V96c0-26.51-21.49-48-48-48h-77.55c-3.04-2.2-5.87-4.26-9.04-6.56C312.6 29.17 279.2-.35 256 0c-23.2-.35-56.59 29.17-73.41 41.44-3.17 2.3-6 4.36-9.04 6.56H96c-26.51 0-48 21.49-48 48v44.14c-12.37 9.33-20.76 15.87-29.61 22.81A47.995 47.995 0 0 0 0 200.72v10.65l96 69.35V96h320v184.72l96-69.35v-10.65c0-14.74-6.78-28.67-18.39-37.77z\"><\/path><\/svg>\t\t\t<\/div>\n\t\t<\/div>\n\t\t\t\t\t\t<\/div>\n\t\t\t\t<div class=\"elementor-element elementor-element-35e7943 elementor-widget__width-initial elementor-widget-tablet__width-auto elementor-widget elementor-widget-text-editor\" data-id=\"35e7943\" data-element_type=\"widget\" data-widget_type=\"text-editor.default\">\n\t\t\t\t\t\t\t\t\t<p><strong>e-mail<\/strong><\/p><p><a href=\"mailto:serwis@osiedlowa.pl\">serwis@osiedlowa.pl<\/a><br \/><a href=\"mailto:biuro@osiedlowa.pl\">biuro@osiedlowa.pl<\/a><\/p>\t\t\t\t\t\t\t\t<\/div>\n\t\t\t\t<\/div>\n\t\t<div class=\"elementor-element elementor-element-e50a84c e-con-full e-flex wpr-particle-no wpr-jarallax-no wpr-parallax-no wpr-sticky-section-no e-con e-child\" data-id=\"e50a84c\" data-element_type=\"container\">\n\t\t\t\t<div class=\"elementor-element elementor-element-ac6e9a2 elementor-view-default elementor-widget elementor-widget-icon\" data-id=\"ac6e9a2\" data-element_type=\"widget\" data-widget_type=\"icon.default\">\n\t\t\t\t\t\t\t<div class=\"elementor-icon-wrapper\">\n\t\t\t<div class=\"elementor-icon\">\n\t\t\t<svg aria-hidden=\"true\" class=\"e-font-icon-svg e-fas-money-bill-alt\" viewBox=\"0 0 640 512\" xmlns=\"http:\/\/www.w3.org\/2000\/svg\"><path d=\"M352 288h-16v-88c0-4.42-3.58-8-8-8h-13.58c-4.74 0-9.37 1.4-13.31 4.03l-15.33 10.22a7.994 7.994 0 0 0-2.22 11.09l8.88 13.31a7.994 7.994 0 0 0 11.09 2.22l.47-.31V288h-16c-4.42 0-8 3.58-8 8v16c0 4.42 3.58 8 8 8h64c4.42 0 8-3.58 8-8v-16c0-4.42-3.58-8-8-8zM608 64H32C14.33 64 0 78.33 0 96v320c0 17.67 14.33 32 32 32h576c17.67 0 32-14.33 32-32V96c0-17.67-14.33-32-32-32zM48 400v-64c35.35 0 64 28.65 64 64H48zm0-224v-64h64c0 35.35-28.65 64-64 64zm272 192c-53.02 0-96-50.15-96-112 0-61.86 42.98-112 96-112s96 50.14 96 112c0 61.87-43 112-96 112zm272 32h-64c0-35.35 28.65-64 64-64v64zm0-224c-35.35 0-64-28.65-64-64h64v64z\"><\/path><\/svg>\t\t\t<\/div>\n\t\t<\/div>\n\t\t\t\t\t\t<\/div>\n\t\t\t\t<div class=\"elementor-element elementor-element-81e1439 elementor-widget__width-initial elementor-widget-tablet__width-inherit elementor-widget elementor-widget-text-editor\" data-id=\"81e1439\" data-element_type=\"widget\" data-widget_type=\"text-editor.default\">\n\t\t\t\t\t\t\t\t\t<p><strong>dane bankowe<br \/><\/strong>Volkswagen Bank Polska S.A. <br \/>96 2130 0004 2001 0301 7001 0001<\/p>\t\t\t\t\t\t\t\t<\/div>\n\t\t\t\t<\/div>\n\t\t\t\t<\/div>\n\t\t\t\t\t<\/div>\n\t\t\t\t<\/div>\n\t\t\t\t<\/div>\n\t\t","protected":false},"excerpt":{"rendered":"<p>adres: ul. Po\u015bwi\u0119cka 1A \/ 251-128 Wroc\u0142aw godziny pracy biura:pn &#8211; pt 7:00 &#8211; 15:00 sb &#8211; nd nieczynne telefony:tel. (71) 339 70 58 us\u0142uga nie dzia\u0142a lub dzia\u0142a nieprawid\u0142owo:wew. 1 &#8211; serwis monta\u017c, umowy, faktury, sprawy biurowe:wew. 2 &#8211; biuro infolinia:tel. 801 50 70 90 w przypadku braku dost\u0119pno\u015bci powy\u017cszych numer\u00f3w serwisowych i biurowych numer awaryjny:tel. 780 287 144 e-mail serwis@osiedlowa.plbiuro@osiedlowa.pl dane bankoweVolkswagen Bank Polska S.A. 96 2130 0004 2001 0301 7001 0001<\/p>\n","protected":false},"author":1,"featured_media":0,"parent":0,"menu_order":0,"comment_status":"closed","ping_status":"closed","template":"","meta":{"footnotes":""},"class_list":["post-270","page","type-page","status-publish","hentry"],"yoast_head":"<!-- This site is optimized with the Yoast SEO plugin v27.2 - https:\/\/yoast.com\/product\/yoast-seo-wordpress\/ -->\n<title>kontakt - Osiedlowa.pl - internet \u015bwiat\u0142owodowy<\/title>\n<meta name=\"description\" content=\"Osiedlowa.pl internet \u015bwiat\u0142owodowy\" \/>\n<meta name=\"robots\" content=\"index, follow, max-snippet:-1, max-image-preview:large, max-video-preview:-1\" \/>\n<link rel=\"canonical\" href=\"https:\/\/www.osiedlowa.pl\/index.php\/kontakt\/\" \/>\n<meta property=\"og:locale\" content=\"pl_PL\" \/>\n<meta property=\"og:type\" content=\"article\" \/>\n<meta property=\"og:title\" content=\"kontakt - Osiedlowa.pl - internet \u015bwiat\u0142owodowy\" \/>\n<meta property=\"og:description\" content=\"Osiedlowa.pl internet \u015bwiat\u0142owodowy\" \/>\n<meta property=\"og:url\" content=\"https:\/\/www.osiedlowa.pl\/index.php\/kontakt\/\" \/>\n<meta property=\"og:site_name\" content=\"Osiedlowa.pl\" \/>\n<meta property=\"article:publisher\" content=\"https:\/\/www.facebook.com\/profile.php?id=100063598599598\" \/>\n<meta property=\"article:modified_time\" content=\"2026-03-31T09:10:46+00:00\" \/>\n<meta name=\"twitter:card\" content=\"summary_large_image\" \/>\n<meta name=\"twitter:label1\" content=\"Szacowany czas czytania\" \/>\n\t<meta name=\"twitter:data1\" content=\"1 minuta\" \/>\n<script type=\"application\/ld+json\" class=\"yoast-schema-graph\">{\"@context\":\"https:\/\/schema.org\",\"@graph\":[{\"@type\":\"WebPage\",\"@id\":\"https:\/\/www.osiedlowa.pl\/index.php\/kontakt\/\",\"url\":\"https:\/\/www.osiedlowa.pl\/index.php\/kontakt\/\",\"name\":\"kontakt - Osiedlowa.pl - internet \u015bwiat\u0142owodowy\",\"isPartOf\":{\"@id\":\"https:\/\/www.osiedlowa.pl\/#website\"},\"datePublished\":\"2025-11-14T13:14:35+00:00\",\"dateModified\":\"2026-03-31T09:10:46+00:00\",\"description\":\"Osiedlowa.pl internet \u015bwiat\u0142owodowy\",\"breadcrumb\":{\"@id\":\"https:\/\/www.osiedlowa.pl\/index.php\/kontakt\/#breadcrumb\"},\"inLanguage\":\"pl-PL\",\"potentialAction\":[{\"@type\":\"ReadAction\",\"target\":[\"https:\/\/www.osiedlowa.pl\/index.php\/kontakt\/\"]}]},{\"@type\":\"BreadcrumbList\",\"@id\":\"https:\/\/www.osiedlowa.pl\/index.php\/kontakt\/#breadcrumb\",\"itemListElement\":[{\"@type\":\"ListItem\",\"position\":1,\"name\":\"Strona g\u0142\u00f3wna\",\"item\":\"https:\/\/www.osiedlowa.pl\/\"},{\"@type\":\"ListItem\",\"position\":2,\"name\":\"kontakt\"}]},{\"@type\":\"WebSite\",\"@id\":\"https:\/\/www.osiedlowa.pl\/#website\",\"url\":\"https:\/\/www.osiedlowa.pl\/\",\"name\":\"Osiedlowa.pl - internet \u015bwiat\u0142owodowy\",\"description\":\"Osiedlowa.pl - internet \u015bwiat\u0142owodowy\",\"publisher\":{\"@id\":\"https:\/\/www.osiedlowa.pl\/#organization\"},\"alternateName\":\"Internet \u015bwiat\u0142owodowy osiedlowa.pl\",\"potentialAction\":[{\"@type\":\"SearchAction\",\"target\":{\"@type\":\"EntryPoint\",\"urlTemplate\":\"https:\/\/www.osiedlowa.pl\/?s={search_term_string}\"},\"query-input\":{\"@type\":\"PropertyValueSpecification\",\"valueRequired\":true,\"valueName\":\"search_term_string\"}}],\"inLanguage\":\"pl-PL\"},{\"@type\":\"Organization\",\"@id\":\"https:\/\/www.osiedlowa.pl\/#organization\",\"name\":\"Osiedlowa.pl\",\"url\":\"https:\/\/www.osiedlowa.pl\/\",\"logo\":{\"@type\":\"ImageObject\",\"inLanguage\":\"pl-PL\",\"@id\":\"https:\/\/www.osiedlowa.pl\/#\/schema\/logo\/image\/\",\"url\":\"https:\/\/www.osiedlowa.pl\/wp-content\/uploads\/2025\/11\/osiedlowabeztla-kg0pehpt.png\",\"contentUrl\":\"https:\/\/www.osiedlowa.pl\/wp-content\/uploads\/2025\/11\/osiedlowabeztla-kg0pehpt.png\",\"width\":1189,\"height\":267,\"caption\":\"Osiedlowa.pl\"},\"image\":{\"@id\":\"https:\/\/www.osiedlowa.pl\/#\/schema\/logo\/image\/\"},\"sameAs\":[\"https:\/\/www.facebook.com\/profile.php?id=100063598599598\"]}]}<\/script>\n<!-- \/ Yoast SEO plugin. -->","yoast_head_json":{"title":"kontakt - Osiedlowa.pl - internet \u015bwiat\u0142owodowy","description":"Osiedlowa.pl internet \u015bwiat\u0142owodowy","robots":{"index":"index","follow":"follow","max-snippet":"max-snippet:-1","max-image-preview":"max-image-preview:large","max-video-preview":"max-video-preview:-1"},"canonical":"https:\/\/www.osiedlowa.pl\/index.php\/kontakt\/","og_locale":"pl_PL","og_type":"article","og_title":"kontakt - Osiedlowa.pl - internet \u015bwiat\u0142owodowy","og_description":"Osiedlowa.pl internet \u015bwiat\u0142owodowy","og_url":"https:\/\/www.osiedlowa.pl\/index.php\/kontakt\/","og_site_name":"Osiedlowa.pl","article_publisher":"https:\/\/www.facebook.com\/profile.php?id=100063598599598","article_modified_time":"2026-03-31T09:10:46+00:00","twitter_card":"summary_large_image","twitter_misc":{"Szacowany czas czytania":"1 minuta"},"schema":{"@context":"https:\/\/schema.org","@graph":[{"@type":"WebPage","@id":"https:\/\/www.osiedlowa.pl\/index.php\/kontakt\/","url":"https:\/\/www.osiedlowa.pl\/index.php\/kontakt\/","name":"kontakt - Osiedlowa.pl - internet \u015bwiat\u0142owodowy","isPartOf":{"@id":"https:\/\/www.osiedlowa.pl\/#website"},"datePublished":"2025-11-14T13:14:35+00:00","dateModified":"2026-03-31T09:10:46+00:00","description":"Osiedlowa.pl internet \u015bwiat\u0142owodowy","breadcrumb":{"@id":"https:\/\/www.osiedlowa.pl\/index.php\/kontakt\/#breadcrumb"},"inLanguage":"pl-PL","potentialAction":[{"@type":"ReadAction","target":["https:\/\/www.osiedlowa.pl\/index.php\/kontakt\/"]}]},{"@type":"BreadcrumbList","@id":"https:\/\/www.osiedlowa.pl\/index.php\/kontakt\/#breadcrumb","itemListElement":[{"@type":"ListItem","position":1,"name":"Strona g\u0142\u00f3wna","item":"https:\/\/www.osiedlowa.pl\/"},{"@type":"ListItem","position":2,"name":"kontakt"}]},{"@type":"WebSite","@id":"https:\/\/www.osiedlowa.pl\/#website","url":"https:\/\/www.osiedlowa.pl\/","name":"Osiedlowa.pl - internet \u015bwiat\u0142owodowy","description":"Osiedlowa.pl - internet \u015bwiat\u0142owodowy","publisher":{"@id":"https:\/\/www.osiedlowa.pl\/#organization"},"alternateName":"Internet \u015bwiat\u0142owodowy osiedlowa.pl","potentialAction":[{"@type":"SearchAction","target":{"@type":"EntryPoint","urlTemplate":"https:\/\/www.osiedlowa.pl\/?s={search_term_string}"},"query-input":{"@type":"PropertyValueSpecification","valueRequired":true,"valueName":"search_term_string"}}],"inLanguage":"pl-PL"},{"@type":"Organization","@id":"https:\/\/www.osiedlowa.pl\/#organization","name":"Osiedlowa.pl","url":"https:\/\/www.osiedlowa.pl\/","logo":{"@type":"ImageObject","inLanguage":"pl-PL","@id":"https:\/\/www.osiedlowa.pl\/#\/schema\/logo\/image\/","url":"https:\/\/www.osiedlowa.pl\/wp-content\/uploads\/2025\/11\/osiedlowabeztla-kg0pehpt.png","contentUrl":"https:\/\/www.osiedlowa.pl\/wp-content\/uploads\/2025\/11\/osiedlowabeztla-kg0pehpt.png","width":1189,"height":267,"caption":"Osiedlowa.pl"},"image":{"@id":"https:\/\/www.osiedlowa.pl\/#\/schema\/logo\/image\/"},"sameAs":["https:\/\/www.facebook.com\/profile.php?id=100063598599598"]}]}},"_links":{"self":[{"href":"https:\/\/www.osiedlowa.pl\/index.php\/wp-json\/wp\/v2\/pages\/270","targetHints":{"allow":["GET"]}}],"collection":[{"href":"https:\/\/www.osiedlowa.pl\/index.php\/wp-json\/wp\/v2\/pages"}],"about":[{"href":"https:\/\/www.osiedlowa.pl\/index.php\/wp-json\/wp\/v2\/types\/page"}],"author":[{"embeddable":true,"href":"https:\/\/www.osiedlowa.pl\/index.php\/wp-json\/wp\/v2\/users\/1"}],"replies":[{"embeddable":true,"href":"https:\/\/www.osiedlowa.pl\/index.php\/wp-json\/wp\/v2\/comments?post=270"}],"version-history":[{"count":82,"href":"https:\/\/www.osiedlowa.pl\/index.php\/wp-json\/wp\/v2\/pages\/270\/revisions"}],"predecessor-version":[{"id":538,"href":"https:\/\/www.osiedlowa.pl\/index.php\/wp-json\/wp\/v2\/pages\/270\/revisions\/538"}],"wp:attachment":[{"href":"https:\/\/www.osiedlowa.pl\/index.php\/wp-json\/wp\/v2\/media?parent=270"}],"curies":[{"name":"wp","href":"https:\/\/api.w.org\/{rel}","templated":true}]}}