{"id":183,"date":"2025-11-14T12:37:55","date_gmt":"2025-11-14T11:37:55","guid":{"rendered":"http:\/\/83.142.142.138\/?page_id=183"},"modified":"2026-03-31T11:13:34","modified_gmt":"2026-03-31T09:13:34","slug":"pakiety","status":"publish","type":"page","link":"https:\/\/www.osiedlowa.pl\/index.php\/pakiety\/","title":{"rendered":"pakiety"},"content":{"rendered":"\t\t<div data-elementor-type=\"wp-page\" data-elementor-id=\"183\" class=\"elementor elementor-183\">\n\t\t\t\t<div class=\"elementor-element elementor-element-75be971 e-flex e-con-boxed wpr-particle-no wpr-jarallax-no wpr-parallax-no wpr-sticky-section-no e-con e-parent\" data-id=\"75be971\" data-element_type=\"container\">\n\t\t\t\t\t<div class=\"e-con-inner\">\n\t\t<div class=\"elementor-element elementor-element-ba922b9 e-con-full e-flex wpr-particle-no wpr-jarallax-no wpr-parallax-no wpr-sticky-section-no e-con e-child\" data-id=\"ba922b9\" data-element_type=\"container\">\n\t\t\t\t<div class=\"elementor-element elementor-element-dfc907d elementor-widget elementor-widget-heading\" data-id=\"dfc907d\" data-element_type=\"widget\" data-widget_type=\"heading.default\">\n\t\t\t\t\t<h2 class=\"elementor-heading-title elementor-size-default\">Wybierz pakiet:<\/h2>\t\t\t\t<\/div>\n\t\t\t\t<\/div>\n\t\t<div class=\"elementor-element elementor-element-263aa50 e-con-full e-flex wpr-particle-no wpr-jarallax-no wpr-parallax-no wpr-sticky-section-no e-con e-child\" data-id=\"263aa50\" data-element_type=\"container\">\n\t\t\t\t<div class=\"elementor-element elementor-element-69b740c wpr-button-icon-style-inline wpr-button-icon-position-right elementor-widget elementor-widget-wpr-button\" data-id=\"69b740c\" data-element_type=\"widget\" id=\"przycisk_zolty\" data-widget_type=\"wpr-button.default\">\n\t\t\t\t\t\t\n\t\t\t\n\t\t\n\t\t<div class=\"wpr-button-wrap elementor-clearfix\">\n\t\t<a class=\"wpr-button wpr-button-effect wpr-button-none\" data-text=\"\" href=\"#zolty\">\n\t\t\t\n\t\t\t<span class=\"wpr-button-content\">\n\t\t\t\t\t\t\t\t\t<span class=\"wpr-button-text\">\u017b\u00f3\u0142ty<\/span>\n\t\t\t\t\t\t\t\t\n\t\t\t\t\t\t\t<\/span>\n\t\t<\/a>\n\n\t\t\t\t<\/div>\n\t\n\t\n\t\t\t\t\t<\/div>\n\t\t\t\t<div class=\"elementor-element elementor-element-561ec1c wpr-button-icon-style-inline wpr-button-icon-position-right elementor-widget elementor-widget-wpr-button\" data-id=\"561ec1c\" data-element_type=\"widget\" id=\"przycisk_niebieski\" data-widget_type=\"wpr-button.default\">\n\t\t\t\t\t\t\n\t\t\t\n\t\t\n\t\t<div class=\"wpr-button-wrap elementor-clearfix\">\n\t\t<a class=\"wpr-button wpr-button-effect wpr-button-none\" data-text=\"\" href=\"#niebieski\">\n\t\t\t\n\t\t\t<span class=\"wpr-button-content\">\n\t\t\t\t\t\t\t\t\t<span class=\"wpr-button-text\">Niebieski<\/span>\n\t\t\t\t\t\t\t\t\n\t\t\t\t\t\t\t<\/span>\n\t\t<\/a>\n\n\t\t\t\t<\/div>\n\t\n\t\n\t\t\t\t\t<\/div>\n\t\t\t\t<div class=\"elementor-element elementor-element-40ec441 wpr-button-icon-style-inline wpr-button-icon-position-right elementor-widget elementor-widget-wpr-button\" data-id=\"40ec441\" data-element_type=\"widget\" id=\"przycisk_zielony\" data-widget_type=\"wpr-button.default\">\n\t\t\t\t\t\t\n\t\t\t\n\t\t\n\t\t<div class=\"wpr-button-wrap elementor-clearfix\">\n\t\t<a class=\"wpr-button wpr-button-effect wpr-button-none\" data-text=\"\" href=\"#zielony\">\n\t\t\t\n\t\t\t<span class=\"wpr-button-content\">\n\t\t\t\t\t\t\t\t\t<span class=\"wpr-button-text\">Zielony<\/span>\n\t\t\t\t\t\t\t\t\n\t\t\t\t\t\t\t<\/span>\n\t\t<\/a>\n\n\t\t\t\t<\/div>\n\t\n\t\n\t\t\t\t\t<\/div>\n\t\t\t\t<\/div>\n\t\t\t\t\t<\/div>\n\t\t\t\t<\/div>\n\t\t<div class=\"elementor-element elementor-element-eec3899 e-flex e-con-boxed wpr-particle-no wpr-jarallax-no wpr-parallax-no wpr-sticky-section-no e-con e-parent\" data-id=\"eec3899\" data-element_type=\"container\">\n\t\t\t\t\t<div class=\"e-con-inner\">\n\t\t\t\t<div class=\"elementor-element elementor-element-66d6ac7 elementor-widget elementor-widget-html\" data-id=\"66d6ac7\" data-element_type=\"widget\" data-widget_type=\"html.default\">\n\t\t\t\t\t<div id=\"lista_zolty\"><\/div>\n<div id=\"lista_niebieski\"><\/div>\n<div id=\"lista_zielony\"><\/div>\t\t\t\t<\/div>\n\t\t\t\t\t<\/div>\n\t\t\t\t<\/div>\n\t\t\t\t<\/div>\n\t\t","protected":false},"excerpt":{"rendered":"<p>Wybierz pakiet: \u017b\u00f3\u0142ty Niebieski Zielony<\/p>\n","protected":false},"author":1,"featured_media":0,"parent":0,"menu_order":0,"comment_status":"closed","ping_status":"closed","template":"","meta":{"footnotes":""},"class_list":["post-183","page","type-page","status-publish","hentry"],"yoast_head":"<!-- This site is optimized with the Yoast SEO plugin v27.2 - https:\/\/yoast.com\/product\/yoast-seo-wordpress\/ -->\n<title>pakiety - Osiedlowa.pl - internet \u015bwiat\u0142owodowy<\/title>\n<meta name=\"description\" content=\"Osiedlowa.pl internet \u015bwiat\u0142owodowy\" \/>\n<meta name=\"robots\" content=\"index, follow, max-snippet:-1, max-image-preview:large, max-video-preview:-1\" \/>\n<link rel=\"canonical\" href=\"https:\/\/www.osiedlowa.pl\/index.php\/pakiety\/\" \/>\n<meta property=\"og:locale\" content=\"pl_PL\" \/>\n<meta property=\"og:type\" content=\"article\" \/>\n<meta property=\"og:title\" content=\"pakiety - Osiedlowa.pl - internet \u015bwiat\u0142owodowy\" \/>\n<meta property=\"og:description\" content=\"Osiedlowa.pl internet \u015bwiat\u0142owodowy\" \/>\n<meta property=\"og:url\" content=\"https:\/\/www.osiedlowa.pl\/index.php\/pakiety\/\" \/>\n<meta property=\"og:site_name\" content=\"Osiedlowa.pl\" \/>\n<meta property=\"article:publisher\" content=\"https:\/\/www.facebook.com\/profile.php?id=100063598599598\" \/>\n<meta property=\"article:modified_time\" content=\"2026-03-31T09:13:34+00:00\" \/>\n<meta name=\"twitter:card\" content=\"summary_large_image\" \/>\n<meta name=\"twitter:label1\" content=\"Szacowany czas czytania\" \/>\n\t<meta name=\"twitter:data1\" content=\"1 minuta\" \/>\n<script type=\"application\/ld+json\" class=\"yoast-schema-graph\">{\"@context\":\"https:\/\/schema.org\",\"@graph\":[{\"@type\":\"WebPage\",\"@id\":\"https:\/\/www.osiedlowa.pl\/index.php\/pakiety\/\",\"url\":\"https:\/\/www.osiedlowa.pl\/index.php\/pakiety\/\",\"name\":\"pakiety - Osiedlowa.pl - internet \u015bwiat\u0142owodowy\",\"isPartOf\":{\"@id\":\"https:\/\/www.osiedlowa.pl\/#website\"},\"datePublished\":\"2025-11-14T11:37:55+00:00\",\"dateModified\":\"2026-03-31T09:13:34+00:00\",\"description\":\"Osiedlowa.pl internet \u015bwiat\u0142owodowy\",\"breadcrumb\":{\"@id\":\"https:\/\/www.osiedlowa.pl\/index.php\/pakiety\/#breadcrumb\"},\"inLanguage\":\"pl-PL\",\"potentialAction\":[{\"@type\":\"ReadAction\",\"target\":[\"https:\/\/www.osiedlowa.pl\/index.php\/pakiety\/\"]}]},{\"@type\":\"BreadcrumbList\",\"@id\":\"https:\/\/www.osiedlowa.pl\/index.php\/pakiety\/#breadcrumb\",\"itemListElement\":[{\"@type\":\"ListItem\",\"position\":1,\"name\":\"Strona g\u0142\u00f3wna\",\"item\":\"https:\/\/www.osiedlowa.pl\/\"},{\"@type\":\"ListItem\",\"position\":2,\"name\":\"pakiety\"}]},{\"@type\":\"WebSite\",\"@id\":\"https:\/\/www.osiedlowa.pl\/#website\",\"url\":\"https:\/\/www.osiedlowa.pl\/\",\"name\":\"Osiedlowa.pl - internet \u015bwiat\u0142owodowy\",\"description\":\"Osiedlowa.pl - internet \u015bwiat\u0142owodowy\",\"publisher\":{\"@id\":\"https:\/\/www.osiedlowa.pl\/#organization\"},\"alternateName\":\"Internet \u015bwiat\u0142owodowy osiedlowa.pl\",\"potentialAction\":[{\"@type\":\"SearchAction\",\"target\":{\"@type\":\"EntryPoint\",\"urlTemplate\":\"https:\/\/www.osiedlowa.pl\/?s={search_term_string}\"},\"query-input\":{\"@type\":\"PropertyValueSpecification\",\"valueRequired\":true,\"valueName\":\"search_term_string\"}}],\"inLanguage\":\"pl-PL\"},{\"@type\":\"Organization\",\"@id\":\"https:\/\/www.osiedlowa.pl\/#organization\",\"name\":\"Osiedlowa.pl\",\"url\":\"https:\/\/www.osiedlowa.pl\/\",\"logo\":{\"@type\":\"ImageObject\",\"inLanguage\":\"pl-PL\",\"@id\":\"https:\/\/www.osiedlowa.pl\/#\/schema\/logo\/image\/\",\"url\":\"https:\/\/www.osiedlowa.pl\/wp-content\/uploads\/2025\/11\/osiedlowabeztla-kg0pehpt.png\",\"contentUrl\":\"https:\/\/www.osiedlowa.pl\/wp-content\/uploads\/2025\/11\/osiedlowabeztla-kg0pehpt.png\",\"width\":1189,\"height\":267,\"caption\":\"Osiedlowa.pl\"},\"image\":{\"@id\":\"https:\/\/www.osiedlowa.pl\/#\/schema\/logo\/image\/\"},\"sameAs\":[\"https:\/\/www.facebook.com\/profile.php?id=100063598599598\"]}]}<\/script>\n<!-- \/ Yoast SEO plugin. -->","yoast_head_json":{"title":"pakiety - Osiedlowa.pl - internet \u015bwiat\u0142owodowy","description":"Osiedlowa.pl internet \u015bwiat\u0142owodowy","robots":{"index":"index","follow":"follow","max-snippet":"max-snippet:-1","max-image-preview":"max-image-preview:large","max-video-preview":"max-video-preview:-1"},"canonical":"https:\/\/www.osiedlowa.pl\/index.php\/pakiety\/","og_locale":"pl_PL","og_type":"article","og_title":"pakiety - Osiedlowa.pl - internet \u015bwiat\u0142owodowy","og_description":"Osiedlowa.pl internet \u015bwiat\u0142owodowy","og_url":"https:\/\/www.osiedlowa.pl\/index.php\/pakiety\/","og_site_name":"Osiedlowa.pl","article_publisher":"https:\/\/www.facebook.com\/profile.php?id=100063598599598","article_modified_time":"2026-03-31T09:13:34+00:00","twitter_card":"summary_large_image","twitter_misc":{"Szacowany czas czytania":"1 minuta"},"schema":{"@context":"https:\/\/schema.org","@graph":[{"@type":"WebPage","@id":"https:\/\/www.osiedlowa.pl\/index.php\/pakiety\/","url":"https:\/\/www.osiedlowa.pl\/index.php\/pakiety\/","name":"pakiety - Osiedlowa.pl - internet \u015bwiat\u0142owodowy","isPartOf":{"@id":"https:\/\/www.osiedlowa.pl\/#website"},"datePublished":"2025-11-14T11:37:55+00:00","dateModified":"2026-03-31T09:13:34+00:00","description":"Osiedlowa.pl internet \u015bwiat\u0142owodowy","breadcrumb":{"@id":"https:\/\/www.osiedlowa.pl\/index.php\/pakiety\/#breadcrumb"},"inLanguage":"pl-PL","potentialAction":[{"@type":"ReadAction","target":["https:\/\/www.osiedlowa.pl\/index.php\/pakiety\/"]}]},{"@type":"BreadcrumbList","@id":"https:\/\/www.osiedlowa.pl\/index.php\/pakiety\/#breadcrumb","itemListElement":[{"@type":"ListItem","position":1,"name":"Strona g\u0142\u00f3wna","item":"https:\/\/www.osiedlowa.pl\/"},{"@type":"ListItem","position":2,"name":"pakiety"}]},{"@type":"WebSite","@id":"https:\/\/www.osiedlowa.pl\/#website","url":"https:\/\/www.osiedlowa.pl\/","name":"Osiedlowa.pl - internet \u015bwiat\u0142owodowy","description":"Osiedlowa.pl - internet \u015bwiat\u0142owodowy","publisher":{"@id":"https:\/\/www.osiedlowa.pl\/#organization"},"alternateName":"Internet \u015bwiat\u0142owodowy osiedlowa.pl","potentialAction":[{"@type":"SearchAction","target":{"@type":"EntryPoint","urlTemplate":"https:\/\/www.osiedlowa.pl\/?s={search_term_string}"},"query-input":{"@type":"PropertyValueSpecification","valueRequired":true,"valueName":"search_term_string"}}],"inLanguage":"pl-PL"},{"@type":"Organization","@id":"https:\/\/www.osiedlowa.pl\/#organization","name":"Osiedlowa.pl","url":"https:\/\/www.osiedlowa.pl\/","logo":{"@type":"ImageObject","inLanguage":"pl-PL","@id":"https:\/\/www.osiedlowa.pl\/#\/schema\/logo\/image\/","url":"https:\/\/www.osiedlowa.pl\/wp-content\/uploads\/2025\/11\/osiedlowabeztla-kg0pehpt.png","contentUrl":"https:\/\/www.osiedlowa.pl\/wp-content\/uploads\/2025\/11\/osiedlowabeztla-kg0pehpt.png","width":1189,"height":267,"caption":"Osiedlowa.pl"},"image":{"@id":"https:\/\/www.osiedlowa.pl\/#\/schema\/logo\/image\/"},"sameAs":["https:\/\/www.facebook.com\/profile.php?id=100063598599598"]}]}},"_links":{"self":[{"href":"https:\/\/www.osiedlowa.pl\/index.php\/wp-json\/wp\/v2\/pages\/183","targetHints":{"allow":["GET"]}}],"collection":[{"href":"https:\/\/www.osiedlowa.pl\/index.php\/wp-json\/wp\/v2\/pages"}],"about":[{"href":"https:\/\/www.osiedlowa.pl\/index.php\/wp-json\/wp\/v2\/types\/page"}],"author":[{"embeddable":true,"href":"https:\/\/www.osiedlowa.pl\/index.php\/wp-json\/wp\/v2\/users\/1"}],"replies":[{"embeddable":true,"href":"https:\/\/www.osiedlowa.pl\/index.php\/wp-json\/wp\/v2\/comments?post=183"}],"version-history":[{"count":68,"href":"https:\/\/www.osiedlowa.pl\/index.php\/wp-json\/wp\/v2\/pages\/183\/revisions"}],"predecessor-version":[{"id":542,"href":"https:\/\/www.osiedlowa.pl\/index.php\/wp-json\/wp\/v2\/pages\/183\/revisions\/542"}],"wp:attachment":[{"href":"https:\/\/www.osiedlowa.pl\/index.php\/wp-json\/wp\/v2\/media?parent=183"}],"curies":[{"name":"wp","href":"https:\/\/api.w.org\/{rel}","templated":true}]}}