{"id":153,"date":"2025-11-14T11:34:37","date_gmt":"2025-11-14T10:34:37","guid":{"rendered":"http:\/\/83.142.142.138\/?page_id=153"},"modified":"2026-03-31T11:11:26","modified_gmt":"2026-03-31T09:11:26","slug":"telewizja","status":"publish","type":"page","link":"https:\/\/www.osiedlowa.pl\/index.php\/telewizja\/","title":{"rendered":"telewizja"},"content":{"rendered":"\t\t<div data-elementor-type=\"wp-page\" data-elementor-id=\"153\" class=\"elementor elementor-153\">\n\t\t\t\t<div class=\"elementor-element elementor-element-a1371f6 e-flex e-con-boxed wpr-particle-no wpr-jarallax-no wpr-parallax-no wpr-sticky-section-no e-con e-parent\" data-id=\"a1371f6\" data-element_type=\"container\">\n\t\t\t\t\t<div class=\"e-con-inner\">\n\t\t\t\t<div class=\"elementor-element elementor-element-881c459 elementor-widget elementor-widget-image\" data-id=\"881c459\" data-element_type=\"widget\" data-widget_type=\"image.default\">\n\t\t\t\t\t\t\t\t\t\t\t\t\t\t\t<img decoding=\"async\" width=\"300\" height=\"46\" src=\"https:\/\/www.osiedlowa.pl\/wp-content\/uploads\/2025\/11\/kameleontv-m372iku5-300x46.png\" class=\"attachment-medium size-medium wp-image-155\" alt=\"\" srcset=\"https:\/\/www.osiedlowa.pl\/wp-content\/uploads\/2025\/11\/kameleontv-m372iku5-300x46.png 300w, https:\/\/www.osiedlowa.pl\/wp-content\/uploads\/2025\/11\/kameleontv-m372iku5.png 473w\" sizes=\"(max-width: 300px) 100vw, 300px\" \/>\t\t\t\t\t\t\t\t\t\t\t\t\t\t\t<\/div>\n\t\t\t\t\t<\/div>\n\t\t\t\t<\/div>\n\t\t<div class=\"elementor-element elementor-element-7b7d5f2 e-grid e-con-boxed wpr-particle-no wpr-jarallax-no wpr-parallax-no wpr-sticky-section-no e-con e-parent\" data-id=\"7b7d5f2\" data-element_type=\"container\">\n\t\t\t\t\t<div class=\"e-con-inner\">\n\t\t<div class=\"elementor-element elementor-element-bde35ec e-con-full e-flex wpr-particle-no wpr-jarallax-no wpr-parallax-no wpr-sticky-section-no e-con e-child\" data-id=\"bde35ec\" data-element_type=\"container\">\n\t\t<div class=\"elementor-element elementor-element-5015b3b e-con-full e-flex wpr-particle-no wpr-jarallax-no wpr-parallax-no wpr-sticky-section-no e-con e-child\" data-id=\"5015b3b\" data-element_type=\"container\" data-settings=\"{&quot;background_background&quot;:&quot;classic&quot;}\">\n\t\t\t\t<div class=\"elementor-element elementor-element-ba66868 elementor-widget elementor-widget-text-editor\" data-id=\"ba66868\" data-element_type=\"widget\" data-widget_type=\"text-editor.default\">\n\t\t\t\t\t\t\t\t\t<div id=\"element_27_content\" class=\"content text_content\"><div class=\"ww_text_wrapper wwTextContent forceLineHeight\"><p id=\"element_27_text_0\">Pakiet <br \/>\u017c\u00f3\u0142ty<\/p><\/div><\/div>\t\t\t\t\t\t\t\t<\/div>\n\t\t\t\t<div class=\"elementor-element elementor-element-fad559d elementor-widget elementor-widget-text-editor\" data-id=\"fad559d\" data-element_type=\"widget\" data-widget_type=\"text-editor.default\">\n\t\t\t\t\t\t\t\t\t<p id=\"element_169_text_0\">62 kana\u0142y<br \/>+ 2\u00a0multiroomy\u00a0<\/p>\t\t\t\t\t\t\t\t<\/div>\n\t\t\t\t<div class=\"elementor-element elementor-element-b16247e elementor-widget elementor-widget-text-editor\" data-id=\"b16247e\" data-element_type=\"widget\" data-widget_type=\"text-editor.default\">\n\t\t\t\t\t\t\t\t\t<div style=\"text-align: center; font-family: Verdana;\">\n<div style=\"font-size: 40px; font-weight: bold;\">30 z\u0142<\/div>\n<div style=\"font-size: 15px; font-weight: normal;\">+jednorazowa aktywacja 50z\u0142<\/div>\n<\/div>\t\t\t\t\t\t\t\t<\/div>\n\t\t\t\t<\/div>\n\t\t\t\t<\/div>\n\t\t<div class=\"elementor-element elementor-element-11f6959 e-con-full e-flex wpr-particle-no wpr-jarallax-no wpr-parallax-no wpr-sticky-section-no e-con e-child\" data-id=\"11f6959\" data-element_type=\"container\">\n\t\t<div class=\"elementor-element elementor-element-0152b3a e-con-full e-flex wpr-particle-no wpr-jarallax-no wpr-parallax-no wpr-sticky-section-no e-con e-child\" data-id=\"0152b3a\" data-element_type=\"container\" data-settings=\"{&quot;background_background&quot;:&quot;classic&quot;}\">\n\t\t\t\t<div class=\"elementor-element elementor-element-f5082cf elementor-widget elementor-widget-text-editor\" data-id=\"f5082cf\" data-element_type=\"widget\" data-widget_type=\"text-editor.default\">\n\t\t\t\t\t\t\t\t\t<p>Pakiet niebieski<\/p>\t\t\t\t\t\t\t\t<\/div>\n\t\t\t\t<div class=\"elementor-element elementor-element-7a2a2e0 elementor-widget elementor-widget-text-editor\" data-id=\"7a2a2e0\" data-element_type=\"widget\" data-widget_type=\"text-editor.default\">\n\t\t\t\t\t\t\t\t\t<p id=\"element_170_text_0\">108 kana\u0142\u00f3w<br \/>+ 2\u00a0multiroomy<\/p>\t\t\t\t\t\t\t\t<\/div>\n\t\t\t\t<div class=\"elementor-element elementor-element-ea26a83 elementor-widget elementor-widget-text-editor\" data-id=\"ea26a83\" data-element_type=\"widget\" data-widget_type=\"text-editor.default\">\n\t\t\t\t\t\t\t\t\t<div style=\"text-align: center; font-family: Verdana;\"><div style=\"font-size: 40px; font-weight: bold;\">65 z\u0142<\/div><div style=\"font-size: 15px; font-weight: normal;\">+jednorazowa aktywacja 50z\u0142<\/div><\/div>\t\t\t\t\t\t\t\t<\/div>\n\t\t\t\t<\/div>\n\t\t\t\t<\/div>\n\t\t<div class=\"elementor-element elementor-element-8b1b0ce e-con-full e-flex wpr-particle-no wpr-jarallax-no wpr-parallax-no wpr-sticky-section-no e-con e-child\" data-id=\"8b1b0ce\" data-element_type=\"container\">\n\t\t<div class=\"elementor-element elementor-element-e65d436 e-con-full e-flex wpr-particle-no wpr-jarallax-no wpr-parallax-no wpr-sticky-section-no e-con e-child\" data-id=\"e65d436\" data-element_type=\"container\" data-settings=\"{&quot;background_background&quot;:&quot;classic&quot;}\">\n\t\t\t\t<div class=\"elementor-element elementor-element-a1e7ee9 elementor-widget elementor-widget-text-editor\" data-id=\"a1e7ee9\" data-element_type=\"widget\" data-widget_type=\"text-editor.default\">\n\t\t\t\t\t\t\t\t\t<p>Pakiet <br \/>zielony<\/p>\t\t\t\t\t\t\t\t<\/div>\n\t\t\t\t<div class=\"elementor-element elementor-element-4c5adbc elementor-widget elementor-widget-text-editor\" data-id=\"4c5adbc\" data-element_type=\"widget\" data-widget_type=\"text-editor.default\">\n\t\t\t\t\t\t\t\t\t<p id=\"element_222_text_0\">117 kana\u0142\u00f3w<br \/>+ 2 multiroomy<\/p>\t\t\t\t\t\t\t\t<\/div>\n\t\t\t\t<div class=\"elementor-element elementor-element-0b733cb elementor-widget elementor-widget-text-editor\" data-id=\"0b733cb\" data-element_type=\"widget\" data-widget_type=\"text-editor.default\">\n\t\t\t\t\t\t\t\t\t<div style=\"text-align: center; font-family: Verdana;\">\n<div style=\"font-size: 40px; font-weight: bold;\">70 z\u0142<\/div>\n<div style=\"font-size: 15px; font-weight: normal;\">+jednorazowa aktywacja 50z\u0142<\/div>\n<\/div>\t\t\t\t\t\t\t\t<\/div>\n\t\t\t\t<\/div>\n\t\t\t\t<\/div>\n\t\t\t\t\t<\/div>\n\t\t\t\t<\/div>\n\t\t<div class=\"elementor-element elementor-element-78235c0 e-flex e-con-boxed wpr-particle-no wpr-jarallax-no wpr-parallax-no wpr-sticky-section-no e-con e-parent\" data-id=\"78235c0\" data-element_type=\"container\">\n\t\t\t\t\t<div class=\"e-con-inner\">\n\t\t\t\t<div class=\"elementor-element elementor-element-c0d4c4b elementor-widget elementor-widget-text-editor\" data-id=\"c0d4c4b\" data-element_type=\"widget\" data-widget_type=\"text-editor.default\">\n\t\t\t\t\t\t\t\t\t<p>oferta pogl\u0105dowa &#8211; ceny mog\u0105 si\u0119 r\u00f3\u017cni\u0107 w zale\u017cno\u015bci od lokalizacji<\/p>\t\t\t\t\t\t\t\t<\/div>\n\t\t\t\t<div class=\"elementor-element elementor-element-a092db8 elementor-widget elementor-widget-text-editor\" data-id=\"a092db8\" data-element_type=\"widget\" data-widget_type=\"text-editor.default\">\n\t\t\t\t\t\t\t\t\t<p id=\"element_413_text_0\">W pakiecie z internetem &#8211; taniej.<\/p>\t\t\t\t\t\t\t\t<\/div>\n\t\t<div class=\"elementor-element elementor-element-55d2417 e-con-full e-flex wpr-particle-no wpr-jarallax-no wpr-parallax-no wpr-sticky-section-no e-con e-child\" data-id=\"55d2417\" data-element_type=\"container\">\n\t\t\t\t<div class=\"elementor-element elementor-element-a393fb4 elementor-widget elementor-widget-text-editor\" data-id=\"a393fb4\" data-element_type=\"widget\" data-widget_type=\"text-editor.default\">\n\t\t\t\t\t\t\t\t\t<p>Sprawd\u017a<\/p>\t\t\t\t\t\t\t\t<\/div>\n\t\t\t\t<div class=\"elementor-element elementor-element-3880c85 wpr-button-icon-style-inline wpr-button-icon-position-right elementor-widget elementor-widget-wpr-button\" data-id=\"3880c85\" data-element_type=\"widget\" data-widget_type=\"wpr-button.default\">\n\t\t\t\t\t\t\n\t\t\t\n\t\t\n\t\t<div class=\"wpr-button-wrap elementor-clearfix\">\n\t\t<a class=\"wpr-button wpr-button-effect wpr-button-none\" data-text=\"\" href=\"http:\/\/osiedlowa.pl\/index.php\/pakiety\/\">\n\t\t\t\n\t\t\t<span class=\"wpr-button-content\">\n\t\t\t\t\t\t\t\t\t<span class=\"wpr-button-text\">list\u0119 kana\u0142\u00f3w<\/span>\n\t\t\t\t\t\t\t\t\n\t\t\t\t\t\t\t<\/span>\n\t\t<\/a>\n\n\t\t\t\t<\/div>\n\t\n\t\n\t\t\t\t\t<\/div>\n\t\t\t\t<div class=\"elementor-element elementor-element-25e42ef elementor-widget elementor-widget-text-editor\" data-id=\"25e42ef\" data-element_type=\"widget\" data-widget_type=\"text-editor.default\">\n\t\t\t\t\t\t\t\t\t<p>lub<\/p>\t\t\t\t\t\t\t\t<\/div>\n\t\t\t\t<div class=\"elementor-element elementor-element-486dd0f wpr-pc-btn-align-inline wpr-pc-btn-icon-right elementor-widget elementor-widget-wpr-phone-call\" data-id=\"486dd0f\" data-element_type=\"widget\" data-widget_type=\"wpr-phone-call.default\">\n\t\t\t\t\t<div class=\"wpr-pc-wrapper\"><a href=\"tel:71339 70 58\" class=\"wpr-pc-btn\"><div class=\"wpr-pc-content\"><span class=\"wpr-pc-text\">zadzwo\u0144<\/span><span class=\"wpr-pc-btn-icon\"><svg class=\"e-font-icon-svg e-fas-phone\" viewBox=\"0 0 512 512\" xmlns=\"http:\/\/www.w3.org\/2000\/svg\"><path d=\"M493.4 24.6l-104-24c-11.3-2.6-22.9 3.3-27.5 13.9l-48 112c-4.2 9.8-1.4 21.3 6.9 28l60.6 49.6c-36 76.7-98.9 140.5-177.2 177.2l-49.6-60.6c-6.8-8.3-18.2-11.1-28-6.9l-112 48C3.9 366.5-2 378.1.6 389.4l24 104C27.1 504.2 36.7 512 48 512c256.1 0 464-207.5 464-464 0-11.2-7.7-20.9-18.6-23.4z\"><\/path><\/svg><\/span><\/div><\/a><\/div>\t\t\t\t<\/div>\n\t\t\t\t<div class=\"elementor-element elementor-element-a7bd384 elementor-widget elementor-widget-text-editor\" data-id=\"a7bd384\" data-element_type=\"widget\" data-widget_type=\"text-editor.default\">\n\t\t\t\t\t\t\t\t\t<p id=\"element_262_text_0\">\u00a0i dowiedz si\u0119 wi\u0119cej!\u00a0<\/p>\t\t\t\t\t\t\t\t<\/div>\n\t\t\t\t<\/div>\n\t\t\t\t\t<\/div>\n\t\t\t\t<\/div>\n\t\t\t\t<\/div>\n\t\t","protected":false},"excerpt":{"rendered":"<p>Pakiet \u017c\u00f3\u0142ty 62 kana\u0142y+ 2\u00a0multiroomy\u00a0 30 z\u0142 +jednorazowa aktywacja 50z\u0142 Pakiet niebieski 108 kana\u0142\u00f3w+ 2\u00a0multiroomy 65 z\u0142+jednorazowa aktywacja 50z\u0142 Pakiet zielony 117 kana\u0142\u00f3w+ 2 multiroomy 70 z\u0142 +jednorazowa aktywacja 50z\u0142 oferta pogl\u0105dowa &#8211; ceny mog\u0105 si\u0119 r\u00f3\u017cni\u0107 w zale\u017cno\u015bci od lokalizacji W pakiecie z internetem &#8211; taniej. Sprawd\u017a list\u0119 kana\u0142\u00f3w lub zadzwo\u0144 \u00a0i dowiedz si\u0119 wi\u0119cej!\u00a0<\/p>\n","protected":false},"author":1,"featured_media":0,"parent":0,"menu_order":0,"comment_status":"closed","ping_status":"closed","template":"","meta":{"footnotes":""},"class_list":["post-153","page","type-page","status-publish","hentry"],"yoast_head":"<!-- This site is optimized with the Yoast SEO plugin v27.2 - https:\/\/yoast.com\/product\/yoast-seo-wordpress\/ -->\n<title>telewizja - Osiedlowa.pl - internet \u015bwiat\u0142owodowy<\/title>\n<meta name=\"description\" content=\"Osiedlowa.pl internet \u015bwiat\u0142owodowy\" \/>\n<meta name=\"robots\" content=\"index, follow, max-snippet:-1, max-image-preview:large, max-video-preview:-1\" \/>\n<link rel=\"canonical\" href=\"https:\/\/www.osiedlowa.pl\/index.php\/telewizja\/\" \/>\n<meta property=\"og:locale\" content=\"pl_PL\" \/>\n<meta property=\"og:type\" content=\"article\" \/>\n<meta property=\"og:title\" content=\"telewizja - Osiedlowa.pl - internet \u015bwiat\u0142owodowy\" \/>\n<meta property=\"og:description\" content=\"Osiedlowa.pl internet \u015bwiat\u0142owodowy\" \/>\n<meta property=\"og:url\" content=\"https:\/\/www.osiedlowa.pl\/index.php\/telewizja\/\" \/>\n<meta property=\"og:site_name\" content=\"Osiedlowa.pl\" \/>\n<meta property=\"article:publisher\" content=\"https:\/\/www.facebook.com\/profile.php?id=100063598599598\" \/>\n<meta property=\"article:modified_time\" content=\"2026-03-31T09:11:26+00:00\" \/>\n<meta property=\"og:image\" content=\"https:\/\/www.osiedlowa.pl\/wp-content\/uploads\/2025\/11\/kameleontv-m372iku5-300x46.png\" \/>\n<meta name=\"twitter:card\" content=\"summary_large_image\" \/>\n<meta name=\"twitter:label1\" content=\"Szacowany czas czytania\" \/>\n\t<meta name=\"twitter:data1\" content=\"1 minuta\" \/>\n<script type=\"application\/ld+json\" class=\"yoast-schema-graph\">{\"@context\":\"https:\/\/schema.org\",\"@graph\":[{\"@type\":\"WebPage\",\"@id\":\"https:\/\/www.osiedlowa.pl\/index.php\/telewizja\/\",\"url\":\"https:\/\/www.osiedlowa.pl\/index.php\/telewizja\/\",\"name\":\"telewizja - Osiedlowa.pl - internet \u015bwiat\u0142owodowy\",\"isPartOf\":{\"@id\":\"https:\/\/www.osiedlowa.pl\/#website\"},\"primaryImageOfPage\":{\"@id\":\"https:\/\/www.osiedlowa.pl\/index.php\/telewizja\/#primaryimage\"},\"image\":{\"@id\":\"https:\/\/www.osiedlowa.pl\/index.php\/telewizja\/#primaryimage\"},\"thumbnailUrl\":\"https:\/\/www.osiedlowa.pl\/wp-content\/uploads\/2025\/11\/kameleontv-m372iku5-300x46.png\",\"datePublished\":\"2025-11-14T10:34:37+00:00\",\"dateModified\":\"2026-03-31T09:11:26+00:00\",\"description\":\"Osiedlowa.pl internet \u015bwiat\u0142owodowy\",\"breadcrumb\":{\"@id\":\"https:\/\/www.osiedlowa.pl\/index.php\/telewizja\/#breadcrumb\"},\"inLanguage\":\"pl-PL\",\"potentialAction\":[{\"@type\":\"ReadAction\",\"target\":[\"https:\/\/www.osiedlowa.pl\/index.php\/telewizja\/\"]}]},{\"@type\":\"ImageObject\",\"inLanguage\":\"pl-PL\",\"@id\":\"https:\/\/www.osiedlowa.pl\/index.php\/telewizja\/#primaryimage\",\"url\":\"https:\/\/www.osiedlowa.pl\/wp-content\/uploads\/2025\/11\/kameleontv-m372iku5.png\",\"contentUrl\":\"https:\/\/www.osiedlowa.pl\/wp-content\/uploads\/2025\/11\/kameleontv-m372iku5.png\",\"width\":473,\"height\":72},{\"@type\":\"BreadcrumbList\",\"@id\":\"https:\/\/www.osiedlowa.pl\/index.php\/telewizja\/#breadcrumb\",\"itemListElement\":[{\"@type\":\"ListItem\",\"position\":1,\"name\":\"Strona g\u0142\u00f3wna\",\"item\":\"https:\/\/www.osiedlowa.pl\/\"},{\"@type\":\"ListItem\",\"position\":2,\"name\":\"telewizja\"}]},{\"@type\":\"WebSite\",\"@id\":\"https:\/\/www.osiedlowa.pl\/#website\",\"url\":\"https:\/\/www.osiedlowa.pl\/\",\"name\":\"Osiedlowa.pl - internet \u015bwiat\u0142owodowy\",\"description\":\"Osiedlowa.pl - internet \u015bwiat\u0142owodowy\",\"publisher\":{\"@id\":\"https:\/\/www.osiedlowa.pl\/#organization\"},\"alternateName\":\"Internet \u015bwiat\u0142owodowy osiedlowa.pl\",\"potentialAction\":[{\"@type\":\"SearchAction\",\"target\":{\"@type\":\"EntryPoint\",\"urlTemplate\":\"https:\/\/www.osiedlowa.pl\/?s={search_term_string}\"},\"query-input\":{\"@type\":\"PropertyValueSpecification\",\"valueRequired\":true,\"valueName\":\"search_term_string\"}}],\"inLanguage\":\"pl-PL\"},{\"@type\":\"Organization\",\"@id\":\"https:\/\/www.osiedlowa.pl\/#organization\",\"name\":\"Osiedlowa.pl\",\"url\":\"https:\/\/www.osiedlowa.pl\/\",\"logo\":{\"@type\":\"ImageObject\",\"inLanguage\":\"pl-PL\",\"@id\":\"https:\/\/www.osiedlowa.pl\/#\/schema\/logo\/image\/\",\"url\":\"https:\/\/www.osiedlowa.pl\/wp-content\/uploads\/2025\/11\/osiedlowabeztla-kg0pehpt.png\",\"contentUrl\":\"https:\/\/www.osiedlowa.pl\/wp-content\/uploads\/2025\/11\/osiedlowabeztla-kg0pehpt.png\",\"width\":1189,\"height\":267,\"caption\":\"Osiedlowa.pl\"},\"image\":{\"@id\":\"https:\/\/www.osiedlowa.pl\/#\/schema\/logo\/image\/\"},\"sameAs\":[\"https:\/\/www.facebook.com\/profile.php?id=100063598599598\"]}]}<\/script>\n<!-- \/ Yoast SEO plugin. -->","yoast_head_json":{"title":"telewizja - Osiedlowa.pl - internet \u015bwiat\u0142owodowy","description":"Osiedlowa.pl internet \u015bwiat\u0142owodowy","robots":{"index":"index","follow":"follow","max-snippet":"max-snippet:-1","max-image-preview":"max-image-preview:large","max-video-preview":"max-video-preview:-1"},"canonical":"https:\/\/www.osiedlowa.pl\/index.php\/telewizja\/","og_locale":"pl_PL","og_type":"article","og_title":"telewizja - Osiedlowa.pl - internet \u015bwiat\u0142owodowy","og_description":"Osiedlowa.pl internet \u015bwiat\u0142owodowy","og_url":"https:\/\/www.osiedlowa.pl\/index.php\/telewizja\/","og_site_name":"Osiedlowa.pl","article_publisher":"https:\/\/www.facebook.com\/profile.php?id=100063598599598","article_modified_time":"2026-03-31T09:11:26+00:00","og_image":[{"url":"https:\/\/www.osiedlowa.pl\/wp-content\/uploads\/2025\/11\/kameleontv-m372iku5-300x46.png","type":"","width":"","height":""}],"twitter_card":"summary_large_image","twitter_misc":{"Szacowany czas czytania":"1 minuta"},"schema":{"@context":"https:\/\/schema.org","@graph":[{"@type":"WebPage","@id":"https:\/\/www.osiedlowa.pl\/index.php\/telewizja\/","url":"https:\/\/www.osiedlowa.pl\/index.php\/telewizja\/","name":"telewizja - Osiedlowa.pl - internet \u015bwiat\u0142owodowy","isPartOf":{"@id":"https:\/\/www.osiedlowa.pl\/#website"},"primaryImageOfPage":{"@id":"https:\/\/www.osiedlowa.pl\/index.php\/telewizja\/#primaryimage"},"image":{"@id":"https:\/\/www.osiedlowa.pl\/index.php\/telewizja\/#primaryimage"},"thumbnailUrl":"https:\/\/www.osiedlowa.pl\/wp-content\/uploads\/2025\/11\/kameleontv-m372iku5-300x46.png","datePublished":"2025-11-14T10:34:37+00:00","dateModified":"2026-03-31T09:11:26+00:00","description":"Osiedlowa.pl internet \u015bwiat\u0142owodowy","breadcrumb":{"@id":"https:\/\/www.osiedlowa.pl\/index.php\/telewizja\/#breadcrumb"},"inLanguage":"pl-PL","potentialAction":[{"@type":"ReadAction","target":["https:\/\/www.osiedlowa.pl\/index.php\/telewizja\/"]}]},{"@type":"ImageObject","inLanguage":"pl-PL","@id":"https:\/\/www.osiedlowa.pl\/index.php\/telewizja\/#primaryimage","url":"https:\/\/www.osiedlowa.pl\/wp-content\/uploads\/2025\/11\/kameleontv-m372iku5.png","contentUrl":"https:\/\/www.osiedlowa.pl\/wp-content\/uploads\/2025\/11\/kameleontv-m372iku5.png","width":473,"height":72},{"@type":"BreadcrumbList","@id":"https:\/\/www.osiedlowa.pl\/index.php\/telewizja\/#breadcrumb","itemListElement":[{"@type":"ListItem","position":1,"name":"Strona g\u0142\u00f3wna","item":"https:\/\/www.osiedlowa.pl\/"},{"@type":"ListItem","position":2,"name":"telewizja"}]},{"@type":"WebSite","@id":"https:\/\/www.osiedlowa.pl\/#website","url":"https:\/\/www.osiedlowa.pl\/","name":"Osiedlowa.pl - internet \u015bwiat\u0142owodowy","description":"Osiedlowa.pl - internet \u015bwiat\u0142owodowy","publisher":{"@id":"https:\/\/www.osiedlowa.pl\/#organization"},"alternateName":"Internet \u015bwiat\u0142owodowy osiedlowa.pl","potentialAction":[{"@type":"SearchAction","target":{"@type":"EntryPoint","urlTemplate":"https:\/\/www.osiedlowa.pl\/?s={search_term_string}"},"query-input":{"@type":"PropertyValueSpecification","valueRequired":true,"valueName":"search_term_string"}}],"inLanguage":"pl-PL"},{"@type":"Organization","@id":"https:\/\/www.osiedlowa.pl\/#organization","name":"Osiedlowa.pl","url":"https:\/\/www.osiedlowa.pl\/","logo":{"@type":"ImageObject","inLanguage":"pl-PL","@id":"https:\/\/www.osiedlowa.pl\/#\/schema\/logo\/image\/","url":"https:\/\/www.osiedlowa.pl\/wp-content\/uploads\/2025\/11\/osiedlowabeztla-kg0pehpt.png","contentUrl":"https:\/\/www.osiedlowa.pl\/wp-content\/uploads\/2025\/11\/osiedlowabeztla-kg0pehpt.png","width":1189,"height":267,"caption":"Osiedlowa.pl"},"image":{"@id":"https:\/\/www.osiedlowa.pl\/#\/schema\/logo\/image\/"},"sameAs":["https:\/\/www.facebook.com\/profile.php?id=100063598599598"]}]}},"_links":{"self":[{"href":"https:\/\/www.osiedlowa.pl\/index.php\/wp-json\/wp\/v2\/pages\/153","targetHints":{"allow":["GET"]}}],"collection":[{"href":"https:\/\/www.osiedlowa.pl\/index.php\/wp-json\/wp\/v2\/pages"}],"about":[{"href":"https:\/\/www.osiedlowa.pl\/index.php\/wp-json\/wp\/v2\/types\/page"}],"author":[{"embeddable":true,"href":"https:\/\/www.osiedlowa.pl\/index.php\/wp-json\/wp\/v2\/users\/1"}],"replies":[{"embeddable":true,"href":"https:\/\/www.osiedlowa.pl\/index.php\/wp-json\/wp\/v2\/comments?post=153"}],"version-history":[{"count":49,"href":"https:\/\/www.osiedlowa.pl\/index.php\/wp-json\/wp\/v2\/pages\/153\/revisions"}],"predecessor-version":[{"id":476,"href":"https:\/\/www.osiedlowa.pl\/index.php\/wp-json\/wp\/v2\/pages\/153\/revisions\/476"}],"wp:attachment":[{"href":"https:\/\/www.osiedlowa.pl\/index.php\/wp-json\/wp\/v2\/media?parent=153"}],"curies":[{"name":"wp","href":"https:\/\/api.w.org\/{rel}","templated":true}]}}